{"id":173,"date":"2021-01-18T23:26:11","date_gmt":"2021-01-19T04:26:11","guid":{"rendered":"https:\/\/phoenixportablesink.com\/?post_type=product&#038;p=173"},"modified":"2022-03-08T11:40:39","modified_gmt":"2022-03-08T16:40:39","slug":"2027-riw-riw-option-rugged-8-203mm-rigid-integrated-wheels-for-rough-terrain","status":"publish","type":"product","link":"https:\/\/phoenixportablesink.com\/fr\/produit\/2027-riw-riw-option-rugged-8-203mm-rigid-integrated-wheels-for-rough-terrain\/","title":{"rendered":"2027-RIW option: Roues rigides int\u00e9gr\u00e9es robustes de 8 po (203 mm) pour les terrains accident\u00e9s"},"content":{"rendered":"<p>Roues rigides int\u00e9gr\u00e9es robustes de 8 po (203 mm) pour les terrains accident\u00e9s en remplacement des roues int\u00e9gr\u00e9es standard<\/p>","protected":false},"excerpt":{"rendered":"<p>Roues rigides int\u00e9gr\u00e9es robustes de 8 po (203 mm) pour les terrains accident\u00e9s en remplacement des roues int\u00e9gr\u00e9es standard<\/p>","protected":false},"featured_media":1708,"comment_status":"open","ping_status":"closed","template":"","meta":{"_coblocks_attr":"","_coblocks_dimensions":"","_coblocks_responsive_height":"","_coblocks_accordion_ie_support":""},"etheme_brands":[],"product_brand":[],"product_cat":[18],"product_tag":[],"class_list":{"0":"post-173","1":"product","2":"type-product","3":"status-publish","4":"has-post-thumbnail","6":"product_cat-options","8":"first","9":"instock","10":"taxable","11":"shipping-taxable","12":"purchasable","13":"product-type-simple"},"yoast_head":"<!-- This site is optimized with the Yoast SEO plugin v27.4 - https:\/\/yoast.com\/product\/yoast-seo-wordpress\/ -->\n<title>2027-RIW option: Rugged 8&quot; (203\u00a0mm) rigid integrated wheels for rough terrain - Phoenix<\/title>\n<meta name=\"robots\" content=\"index, follow, max-snippet:-1, max-image-preview:large, max-video-preview:-1\" \/>\n<link rel=\"canonical\" href=\"https:\/\/phoenixportablesink.com\/fr\/produit\/2027-riw-riw-option-rugged-8-203mm-rigid-integrated-wheels-for-rough-terrain\/\" \/>\n<meta property=\"og:locale\" content=\"fr_CA\" \/>\n<meta property=\"og:type\" content=\"article\" \/>\n<meta property=\"og:title\" content=\"2027-RIW option: Rugged 8&quot; (203\u00a0mm) rigid integrated wheels for rough terrain - Phoenix\" \/>\n<meta property=\"og:description\" content=\"Rugged 8&quot; (203\u00a0mm) rigid integrated wheels for rough terrain to replace standard 2&quot; (51\u00a0mm) integrated wheels\" \/>\n<meta property=\"og:url\" content=\"https:\/\/phoenixportablesink.com\/fr\/produit\/2027-riw-riw-option-rugged-8-203mm-rigid-integrated-wheels-for-rough-terrain\/\" \/>\n<meta property=\"og:site_name\" content=\"Phoenix\" \/>\n<meta property=\"article:modified_time\" content=\"2022-03-08T16:40:39+00:00\" \/>\n<meta property=\"og:image\" content=\"https:\/\/phoenixportablesink.com\/wp-content\/uploads\/2022\/03\/VPP_200_20G_012872.jpg_preview72.jpeg\" \/>\n\t<meta property=\"og:image:width\" content=\"944\" \/>\n\t<meta property=\"og:image:height\" content=\"944\" \/>\n\t<meta property=\"og:image:type\" content=\"image\/jpeg\" \/>\n<meta name=\"twitter:card\" content=\"summary_large_image\" \/>\n<meta name=\"twitter:label1\" content=\"Estimation du temps de lecture\" \/>\n\t<meta name=\"twitter:data1\" content=\"1 minute\" \/>\n<script type=\"application\/ld+json\" class=\"yoast-schema-graph\">{\"@context\":\"https:\\\/\\\/schema.org\",\"@graph\":[{\"@type\":\"WebPage\",\"@id\":\"https:\\\/\\\/phoenixportablesink.com\\\/product\\\/2027-riw-riw-option-rugged-8-203mm-rigid-integrated-wheels-for-rough-terrain\\\/\",\"url\":\"https:\\\/\\\/phoenixportablesink.com\\\/product\\\/2027-riw-riw-option-rugged-8-203mm-rigid-integrated-wheels-for-rough-terrain\\\/\",\"name\":\"2027-RIW option: Rugged 8\\\" (203\u00a0mm) rigid integrated wheels for rough terrain - Phoenix\",\"isPartOf\":{\"@id\":\"https:\\\/\\\/phoenixportablesink.com\\\/#website\"},\"primaryImageOfPage\":{\"@id\":\"https:\\\/\\\/phoenixportablesink.com\\\/product\\\/2027-riw-riw-option-rugged-8-203mm-rigid-integrated-wheels-for-rough-terrain\\\/#primaryimage\"},\"image\":{\"@id\":\"https:\\\/\\\/phoenixportablesink.com\\\/product\\\/2027-riw-riw-option-rugged-8-203mm-rigid-integrated-wheels-for-rough-terrain\\\/#primaryimage\"},\"thumbnailUrl\":\"https:\\\/\\\/phoenixportablesink.com\\\/wp-content\\\/uploads\\\/2022\\\/03\\\/VPP_200_20G_012872.jpg_preview72.jpeg\",\"datePublished\":\"2021-01-19T04:26:11+00:00\",\"dateModified\":\"2022-03-08T16:40:39+00:00\",\"breadcrumb\":{\"@id\":\"https:\\\/\\\/phoenixportablesink.com\\\/product\\\/2027-riw-riw-option-rugged-8-203mm-rigid-integrated-wheels-for-rough-terrain\\\/#breadcrumb\"},\"inLanguage\":\"fr-CA\",\"potentialAction\":[{\"@type\":\"ReadAction\",\"target\":[\"https:\\\/\\\/phoenixportablesink.com\\\/product\\\/2027-riw-riw-option-rugged-8-203mm-rigid-integrated-wheels-for-rough-terrain\\\/\"]}]},{\"@type\":\"ImageObject\",\"inLanguage\":\"fr-CA\",\"@id\":\"https:\\\/\\\/phoenixportablesink.com\\\/product\\\/2027-riw-riw-option-rugged-8-203mm-rigid-integrated-wheels-for-rough-terrain\\\/#primaryimage\",\"url\":\"https:\\\/\\\/phoenixportablesink.com\\\/wp-content\\\/uploads\\\/2022\\\/03\\\/VPP_200_20G_012872.jpg_preview72.jpeg\",\"contentUrl\":\"https:\\\/\\\/phoenixportablesink.com\\\/wp-content\\\/uploads\\\/2022\\\/03\\\/VPP_200_20G_012872.jpg_preview72.jpeg\",\"width\":944,\"height\":944},{\"@type\":\"BreadcrumbList\",\"@id\":\"https:\\\/\\\/phoenixportablesink.com\\\/product\\\/2027-riw-riw-option-rugged-8-203mm-rigid-integrated-wheels-for-rough-terrain\\\/#breadcrumb\",\"itemListElement\":[{\"@type\":\"ListItem\",\"position\":1,\"name\":\"Home\",\"item\":\"https:\\\/\\\/phoenixportablesink.com\\\/\"},{\"@type\":\"ListItem\",\"position\":2,\"name\":\"Shop\",\"item\":\"https:\\\/\\\/phoenixportablesink.com\\\/shop\\\/\"},{\"@type\":\"ListItem\",\"position\":3,\"name\":\"2027-RIW option: Rugged 8&#8243; (203\u00a0mm) rigid integrated wheels for rough terrain\"}]},{\"@type\":\"WebSite\",\"@id\":\"https:\\\/\\\/phoenixportablesink.com\\\/#website\",\"url\":\"https:\\\/\\\/phoenixportablesink.com\\\/\",\"name\":\"Phoenix\",\"description\":\"Portable sinks\",\"potentialAction\":[{\"@type\":\"SearchAction\",\"target\":{\"@type\":\"EntryPoint\",\"urlTemplate\":\"https:\\\/\\\/phoenixportablesink.com\\\/?s={search_term_string}\"},\"query-input\":{\"@type\":\"PropertyValueSpecification\",\"valueRequired\":true,\"valueName\":\"search_term_string\"}}],\"inLanguage\":\"fr-CA\"}]}<\/script>\n<!-- \/ Yoast SEO plugin. -->","yoast_head_json":{"title":"2027-RIW option: Rugged 8\" (203\u00a0mm) rigid integrated wheels for rough terrain - Phoenix","robots":{"index":"index","follow":"follow","max-snippet":"max-snippet:-1","max-image-preview":"max-image-preview:large","max-video-preview":"max-video-preview:-1"},"canonical":"https:\/\/phoenixportablesink.com\/fr\/produit\/2027-riw-riw-option-rugged-8-203mm-rigid-integrated-wheels-for-rough-terrain\/","og_locale":"fr_CA","og_type":"article","og_title":"2027-RIW option: Rugged 8\" (203\u00a0mm) rigid integrated wheels for rough terrain - Phoenix","og_description":"Rugged 8\" (203\u00a0mm) rigid integrated wheels for rough terrain to replace standard 2\" (51\u00a0mm) integrated wheels","og_url":"https:\/\/phoenixportablesink.com\/fr\/produit\/2027-riw-riw-option-rugged-8-203mm-rigid-integrated-wheels-for-rough-terrain\/","og_site_name":"Phoenix","article_modified_time":"2022-03-08T16:40:39+00:00","og_image":[{"width":944,"height":944,"url":"https:\/\/phoenixportablesink.com\/wp-content\/uploads\/2022\/03\/VPP_200_20G_012872.jpg_preview72.jpeg","type":"image\/jpeg"}],"twitter_card":"summary_large_image","twitter_misc":{"Estimation du temps de lecture":"1 minute"},"schema":{"@context":"https:\/\/schema.org","@graph":[{"@type":"WebPage","@id":"https:\/\/phoenixportablesink.com\/product\/2027-riw-riw-option-rugged-8-203mm-rigid-integrated-wheels-for-rough-terrain\/","url":"https:\/\/phoenixportablesink.com\/product\/2027-riw-riw-option-rugged-8-203mm-rigid-integrated-wheels-for-rough-terrain\/","name":"2027-RIW option: Rugged 8\" (203\u00a0mm) rigid integrated wheels for rough terrain - Phoenix","isPartOf":{"@id":"https:\/\/phoenixportablesink.com\/#website"},"primaryImageOfPage":{"@id":"https:\/\/phoenixportablesink.com\/product\/2027-riw-riw-option-rugged-8-203mm-rigid-integrated-wheels-for-rough-terrain\/#primaryimage"},"image":{"@id":"https:\/\/phoenixportablesink.com\/product\/2027-riw-riw-option-rugged-8-203mm-rigid-integrated-wheels-for-rough-terrain\/#primaryimage"},"thumbnailUrl":"https:\/\/phoenixportablesink.com\/wp-content\/uploads\/2022\/03\/VPP_200_20G_012872.jpg_preview72.jpeg","datePublished":"2021-01-19T04:26:11+00:00","dateModified":"2022-03-08T16:40:39+00:00","breadcrumb":{"@id":"https:\/\/phoenixportablesink.com\/product\/2027-riw-riw-option-rugged-8-203mm-rigid-integrated-wheels-for-rough-terrain\/#breadcrumb"},"inLanguage":"fr-CA","potentialAction":[{"@type":"ReadAction","target":["https:\/\/phoenixportablesink.com\/product\/2027-riw-riw-option-rugged-8-203mm-rigid-integrated-wheels-for-rough-terrain\/"]}]},{"@type":"ImageObject","inLanguage":"fr-CA","@id":"https:\/\/phoenixportablesink.com\/product\/2027-riw-riw-option-rugged-8-203mm-rigid-integrated-wheels-for-rough-terrain\/#primaryimage","url":"https:\/\/phoenixportablesink.com\/wp-content\/uploads\/2022\/03\/VPP_200_20G_012872.jpg_preview72.jpeg","contentUrl":"https:\/\/phoenixportablesink.com\/wp-content\/uploads\/2022\/03\/VPP_200_20G_012872.jpg_preview72.jpeg","width":944,"height":944},{"@type":"BreadcrumbList","@id":"https:\/\/phoenixportablesink.com\/product\/2027-riw-riw-option-rugged-8-203mm-rigid-integrated-wheels-for-rough-terrain\/#breadcrumb","itemListElement":[{"@type":"ListItem","position":1,"name":"Home","item":"https:\/\/phoenixportablesink.com\/"},{"@type":"ListItem","position":2,"name":"Shop","item":"https:\/\/phoenixportablesink.com\/shop\/"},{"@type":"ListItem","position":3,"name":"2027-RIW option: Rugged 8&#8243; (203\u00a0mm) rigid integrated wheels for rough terrain"}]},{"@type":"WebSite","@id":"https:\/\/phoenixportablesink.com\/#website","url":"https:\/\/phoenixportablesink.com\/","name":"Phoenix","description":"Portable sinks","potentialAction":[{"@type":"SearchAction","target":{"@type":"EntryPoint","urlTemplate":"https:\/\/phoenixportablesink.com\/?s={search_term_string}"},"query-input":{"@type":"PropertyValueSpecification","valueRequired":true,"valueName":"search_term_string"}}],"inLanguage":"fr-CA"}]}},"_links":{"self":[{"href":"https:\/\/phoenixportablesink.com\/fr\/wp-json\/wp\/v2\/product\/173","targetHints":{"allow":["GET"]}}],"collection":[{"href":"https:\/\/phoenixportablesink.com\/fr\/wp-json\/wp\/v2\/product"}],"about":[{"href":"https:\/\/phoenixportablesink.com\/fr\/wp-json\/wp\/v2\/types\/product"}],"replies":[{"embeddable":true,"href":"https:\/\/phoenixportablesink.com\/fr\/wp-json\/wp\/v2\/comments?post=173"}],"wp:featuredmedia":[{"embeddable":true,"href":"https:\/\/phoenixportablesink.com\/fr\/wp-json\/wp\/v2\/media\/1708"}],"wp:attachment":[{"href":"https:\/\/phoenixportablesink.com\/fr\/wp-json\/wp\/v2\/media?parent=173"}],"wp:term":[{"taxonomy":"brand","embeddable":true,"href":"https:\/\/phoenixportablesink.com\/fr\/wp-json\/wp\/v2\/etheme_brands?post=173"},{"taxonomy":"product_brand","embeddable":true,"href":"https:\/\/phoenixportablesink.com\/fr\/wp-json\/wp\/v2\/product_brand?post=173"},{"taxonomy":"product_cat","embeddable":true,"href":"https:\/\/phoenixportablesink.com\/fr\/wp-json\/wp\/v2\/product_cat?post=173"},{"taxonomy":"product_tag","embeddable":true,"href":"https:\/\/phoenixportablesink.com\/fr\/wp-json\/wp\/v2\/product_tag?post=173"}],"curies":[{"name":"wp","href":"https:\/\/api.w.org\/{rel}","templated":true}]}}