{"id":32,"date":"2021-01-18T22:30:53","date_gmt":"2021-01-19T03:30:53","guid":{"rendered":"https:\/\/phoenixportablesink.com\/product\/product-one\/"},"modified":"2022-03-08T11:10:02","modified_gmt":"2022-03-08T16:10:02","slug":"cleo-antibacterial-white-hand-soap","status":"publish","type":"product","link":"https:\/\/phoenixportablesink.com\/fr\/produit\/cleo-antibacterial-white-hand-soap\/","title":{"rendered":"\"CL\u00c9O\" Savon \u00e0 mains Blanc Antibact\u00e9rien 4L"},"content":{"rendered":"<p>4 Litres PHARAO parfum cerise<\/p>\n<p>Savon lotion antibact\u00e9rien doux, de couleur blanc perl\u00e9 produisant une mousse riche et abondante dont la texture cr\u00e9meuse et non irritante dissout la graisse et la salet\u00e9 sur les mains.<br \/>\nIl contient des \u00e9mulsifiants doux et son pH \u00e9quilibr\u00e9 permet une utilisation sur le corps et les cheveux. Poss\u00e8de une agr\u00e9able odeur de cerises.<br \/>\nCL\u00c9O is a soap producing a rich abundant creamy non-irritation suds which thoroughly dissolves dirt and grease.<br \/>\nAvec aloe vera, lanoline et glyc\u00e9rine, couleur blanc perle, parfum de cerise.<\/p>\n<p><strong>DIRECTIONS:<\/strong><\/p>\n<p class=\"translation-block\">Utiliser une petite quantit\u00e9 sur les mains. Faire mousser g\u00e9n\u00e9reusement, rincer avec de l\u2019eau potable et essuyer les mains.<br>\nPour de meilleurs r\u00e9sultats antibact\u00e9riens, le savon doit \u00eatre en contact avec la peau au moins 30 secondes.<\/p>","protected":false},"excerpt":{"rendered":"<p>\"CL\u00c9O\" Savon \u00e0 mains Blanc Antibact\u00e9rien 4L 4L PHARAO parfum cerise<\/p>","protected":false},"featured_media":211,"comment_status":"closed","ping_status":"closed","template":"","meta":{"_coblocks_attr":"","_coblocks_dimensions":"","_coblocks_responsive_height":"","_coblocks_accordion_ie_support":""},"etheme_brands":[],"product_brand":[],"product_cat":[19],"product_tag":[],"class_list":{"0":"post-32","1":"product","2":"type-product","3":"status-publish","4":"has-post-thumbnail","6":"product_cat-consumables","8":"first","9":"instock","10":"taxable","11":"shipping-taxable","12":"purchasable","13":"product-type-simple"},"yoast_head":"<!-- This site is optimized with the Yoast SEO plugin v27.4 - https:\/\/yoast.com\/product\/yoast-seo-wordpress\/ -->\n<title>\u201cCL\u00c9O\u201d Antibacterial White Hand Soap 4 Litres - Phoenix<\/title>\n<meta name=\"robots\" content=\"index, follow, max-snippet:-1, max-image-preview:large, max-video-preview:-1\" \/>\n<link rel=\"canonical\" href=\"https:\/\/phoenixportablesink.com\/fr\/produit\/cleo-antibacterial-white-hand-soap\/\" \/>\n<meta property=\"og:locale\" content=\"fr_CA\" \/>\n<meta property=\"og:type\" content=\"article\" \/>\n<meta property=\"og:title\" content=\"\u201cCL\u00c9O\u201d Antibacterial White Hand Soap 4 Litres - Phoenix\" \/>\n<meta property=\"og:description\" content=\"\u201cCL\u00c9O\u201d Antibacterial White Hand Soap 4 Litres PHARAO cherry scent\" \/>\n<meta property=\"og:url\" content=\"https:\/\/phoenixportablesink.com\/fr\/produit\/cleo-antibacterial-white-hand-soap\/\" \/>\n<meta property=\"og:site_name\" content=\"Phoenix\" \/>\n<meta property=\"article:modified_time\" content=\"2022-03-08T16:10:02+00:00\" \/>\n<meta property=\"og:image\" content=\"https:\/\/phoenixportablesink.com\/wp-content\/uploads\/2021\/01\/PXCLEO1.jpg\" \/>\n\t<meta property=\"og:image:width\" content=\"250\" \/>\n\t<meta property=\"og:image:height\" content=\"250\" \/>\n\t<meta property=\"og:image:type\" content=\"image\/jpeg\" \/>\n<meta name=\"twitter:card\" content=\"summary_large_image\" \/>\n<meta name=\"twitter:label1\" content=\"Estimation du temps de lecture\" \/>\n\t<meta name=\"twitter:data1\" content=\"1 minute\" \/>\n<script type=\"application\/ld+json\" class=\"yoast-schema-graph\">{\"@context\":\"https:\\\/\\\/schema.org\",\"@graph\":[{\"@type\":\"WebPage\",\"@id\":\"https:\\\/\\\/phoenixportablesink.com\\\/product\\\/cleo-antibacterial-white-hand-soap\\\/\",\"url\":\"https:\\\/\\\/phoenixportablesink.com\\\/product\\\/cleo-antibacterial-white-hand-soap\\\/\",\"name\":\"\u201cCL\u00c9O\u201d Antibacterial White Hand Soap 4 Litres - Phoenix\",\"isPartOf\":{\"@id\":\"https:\\\/\\\/phoenixportablesink.com\\\/#website\"},\"primaryImageOfPage\":{\"@id\":\"https:\\\/\\\/phoenixportablesink.com\\\/product\\\/cleo-antibacterial-white-hand-soap\\\/#primaryimage\"},\"image\":{\"@id\":\"https:\\\/\\\/phoenixportablesink.com\\\/product\\\/cleo-antibacterial-white-hand-soap\\\/#primaryimage\"},\"thumbnailUrl\":\"https:\\\/\\\/phoenixportablesink.com\\\/wp-content\\\/uploads\\\/2021\\\/01\\\/PXCLEO1.jpg\",\"datePublished\":\"2021-01-19T03:30:53+00:00\",\"dateModified\":\"2022-03-08T16:10:02+00:00\",\"breadcrumb\":{\"@id\":\"https:\\\/\\\/phoenixportablesink.com\\\/product\\\/cleo-antibacterial-white-hand-soap\\\/#breadcrumb\"},\"inLanguage\":\"fr-CA\",\"potentialAction\":[{\"@type\":\"ReadAction\",\"target\":[\"https:\\\/\\\/phoenixportablesink.com\\\/product\\\/cleo-antibacterial-white-hand-soap\\\/\"]}]},{\"@type\":\"ImageObject\",\"inLanguage\":\"fr-CA\",\"@id\":\"https:\\\/\\\/phoenixportablesink.com\\\/product\\\/cleo-antibacterial-white-hand-soap\\\/#primaryimage\",\"url\":\"https:\\\/\\\/phoenixportablesink.com\\\/wp-content\\\/uploads\\\/2021\\\/01\\\/PXCLEO1.jpg\",\"contentUrl\":\"https:\\\/\\\/phoenixportablesink.com\\\/wp-content\\\/uploads\\\/2021\\\/01\\\/PXCLEO1.jpg\",\"width\":250,\"height\":250},{\"@type\":\"BreadcrumbList\",\"@id\":\"https:\\\/\\\/phoenixportablesink.com\\\/product\\\/cleo-antibacterial-white-hand-soap\\\/#breadcrumb\",\"itemListElement\":[{\"@type\":\"ListItem\",\"position\":1,\"name\":\"Home\",\"item\":\"https:\\\/\\\/phoenixportablesink.com\\\/\"},{\"@type\":\"ListItem\",\"position\":2,\"name\":\"Shop\",\"item\":\"https:\\\/\\\/phoenixportablesink.com\\\/shop\\\/\"},{\"@type\":\"ListItem\",\"position\":3,\"name\":\"\u201cCL\u00c9O\u201d Antibacterial White Hand Soap 4 Litres\"}]},{\"@type\":\"WebSite\",\"@id\":\"https:\\\/\\\/phoenixportablesink.com\\\/#website\",\"url\":\"https:\\\/\\\/phoenixportablesink.com\\\/\",\"name\":\"Phoenix\",\"description\":\"Portable sinks\",\"potentialAction\":[{\"@type\":\"SearchAction\",\"target\":{\"@type\":\"EntryPoint\",\"urlTemplate\":\"https:\\\/\\\/phoenixportablesink.com\\\/?s={search_term_string}\"},\"query-input\":{\"@type\":\"PropertyValueSpecification\",\"valueRequired\":true,\"valueName\":\"search_term_string\"}}],\"inLanguage\":\"fr-CA\"}]}<\/script>\n<!-- \/ Yoast SEO plugin. -->","yoast_head_json":{"title":"\u201cCL\u00c9O\u201d Antibacterial White Hand Soap 4 Litres - Phoenix","robots":{"index":"index","follow":"follow","max-snippet":"max-snippet:-1","max-image-preview":"max-image-preview:large","max-video-preview":"max-video-preview:-1"},"canonical":"https:\/\/phoenixportablesink.com\/fr\/produit\/cleo-antibacterial-white-hand-soap\/","og_locale":"fr_CA","og_type":"article","og_title":"\u201cCL\u00c9O\u201d Antibacterial White Hand Soap 4 Litres - Phoenix","og_description":"\u201cCL\u00c9O\u201d Antibacterial White Hand Soap 4 Litres PHARAO cherry scent","og_url":"https:\/\/phoenixportablesink.com\/fr\/produit\/cleo-antibacterial-white-hand-soap\/","og_site_name":"Phoenix","article_modified_time":"2022-03-08T16:10:02+00:00","og_image":[{"width":250,"height":250,"url":"https:\/\/phoenixportablesink.com\/wp-content\/uploads\/2021\/01\/PXCLEO1.jpg","type":"image\/jpeg"}],"twitter_card":"summary_large_image","twitter_misc":{"Estimation du temps de lecture":"1 minute"},"schema":{"@context":"https:\/\/schema.org","@graph":[{"@type":"WebPage","@id":"https:\/\/phoenixportablesink.com\/product\/cleo-antibacterial-white-hand-soap\/","url":"https:\/\/phoenixportablesink.com\/product\/cleo-antibacterial-white-hand-soap\/","name":"\u201cCL\u00c9O\u201d Antibacterial White Hand Soap 4 Litres - Phoenix","isPartOf":{"@id":"https:\/\/phoenixportablesink.com\/#website"},"primaryImageOfPage":{"@id":"https:\/\/phoenixportablesink.com\/product\/cleo-antibacterial-white-hand-soap\/#primaryimage"},"image":{"@id":"https:\/\/phoenixportablesink.com\/product\/cleo-antibacterial-white-hand-soap\/#primaryimage"},"thumbnailUrl":"https:\/\/phoenixportablesink.com\/wp-content\/uploads\/2021\/01\/PXCLEO1.jpg","datePublished":"2021-01-19T03:30:53+00:00","dateModified":"2022-03-08T16:10:02+00:00","breadcrumb":{"@id":"https:\/\/phoenixportablesink.com\/product\/cleo-antibacterial-white-hand-soap\/#breadcrumb"},"inLanguage":"fr-CA","potentialAction":[{"@type":"ReadAction","target":["https:\/\/phoenixportablesink.com\/product\/cleo-antibacterial-white-hand-soap\/"]}]},{"@type":"ImageObject","inLanguage":"fr-CA","@id":"https:\/\/phoenixportablesink.com\/product\/cleo-antibacterial-white-hand-soap\/#primaryimage","url":"https:\/\/phoenixportablesink.com\/wp-content\/uploads\/2021\/01\/PXCLEO1.jpg","contentUrl":"https:\/\/phoenixportablesink.com\/wp-content\/uploads\/2021\/01\/PXCLEO1.jpg","width":250,"height":250},{"@type":"BreadcrumbList","@id":"https:\/\/phoenixportablesink.com\/product\/cleo-antibacterial-white-hand-soap\/#breadcrumb","itemListElement":[{"@type":"ListItem","position":1,"name":"Home","item":"https:\/\/phoenixportablesink.com\/"},{"@type":"ListItem","position":2,"name":"Shop","item":"https:\/\/phoenixportablesink.com\/shop\/"},{"@type":"ListItem","position":3,"name":"\u201cCL\u00c9O\u201d Antibacterial White Hand Soap 4 Litres"}]},{"@type":"WebSite","@id":"https:\/\/phoenixportablesink.com\/#website","url":"https:\/\/phoenixportablesink.com\/","name":"Phoenix","description":"Portable sinks","potentialAction":[{"@type":"SearchAction","target":{"@type":"EntryPoint","urlTemplate":"https:\/\/phoenixportablesink.com\/?s={search_term_string}"},"query-input":{"@type":"PropertyValueSpecification","valueRequired":true,"valueName":"search_term_string"}}],"inLanguage":"fr-CA"}]}},"_links":{"self":[{"href":"https:\/\/phoenixportablesink.com\/fr\/wp-json\/wp\/v2\/product\/32","targetHints":{"allow":["GET"]}}],"collection":[{"href":"https:\/\/phoenixportablesink.com\/fr\/wp-json\/wp\/v2\/product"}],"about":[{"href":"https:\/\/phoenixportablesink.com\/fr\/wp-json\/wp\/v2\/types\/product"}],"replies":[{"embeddable":true,"href":"https:\/\/phoenixportablesink.com\/fr\/wp-json\/wp\/v2\/comments?post=32"}],"wp:featuredmedia":[{"embeddable":true,"href":"https:\/\/phoenixportablesink.com\/fr\/wp-json\/wp\/v2\/media\/211"}],"wp:attachment":[{"href":"https:\/\/phoenixportablesink.com\/fr\/wp-json\/wp\/v2\/media?parent=32"}],"wp:term":[{"taxonomy":"brand","embeddable":true,"href":"https:\/\/phoenixportablesink.com\/fr\/wp-json\/wp\/v2\/etheme_brands?post=32"},{"taxonomy":"product_brand","embeddable":true,"href":"https:\/\/phoenixportablesink.com\/fr\/wp-json\/wp\/v2\/product_brand?post=32"},{"taxonomy":"product_cat","embeddable":true,"href":"https:\/\/phoenixportablesink.com\/fr\/wp-json\/wp\/v2\/product_cat?post=32"},{"taxonomy":"product_tag","embeddable":true,"href":"https:\/\/phoenixportablesink.com\/fr\/wp-json\/wp\/v2\/product_tag?post=32"}],"curies":[{"name":"wp","href":"https:\/\/api.w.org\/{rel}","templated":true}]}}