{"id":38,"date":"2021-01-18T22:30:53","date_gmt":"2021-01-19T03:30:53","guid":{"rendered":"https:\/\/phoenixportablesink.com\/product\/product-seven\/"},"modified":"2023-09-18T16:58:44","modified_gmt":"2023-09-18T20:58:44","slug":"product-seven","status":"publish","type":"product","link":"https:\/\/phoenixportablesink.com\/fr\/produit\/product-seven\/","title":{"rendered":"Station sanitaire Ph\u0153nix\u00a9 Mod\u00e8le PHSS2022 \u2013 Seulement le B\u00e2ti m\u00e9tallique avec l'\u00e9vier en acier inoxydable"},"content":{"rendered":"<p class=\"translation-block\">STATION POUR LE LAVAGE DES MAINS\nOPTION B\u00c2TIE SEULEMENT POUR PLOMBIER:<br> Pour le raccordement permanent \u00e0 l\u2019eau courante et drain.<br>\nMod\u00e8le inclus:<br>\n-Cabinet en acier peint par proc\u00e9d\u00e9 ultrar\u00e9sistant de peinture enduit de poudre cuite \u00e0 haute temp\u00e9rature de couleur gris fonc\u00e9 martel\u00e9e avec dessus et \u00e9vier en acier inoxydable et quincaillerie.<br>\n-\u00c9vier Novanni pro JP717D6 (15\" (38 cm) Width x 15\" (38 cm) Length x 6\" (15\u00a0cm) Depth)<\/p>\n<p class=\"translation-block\">Pour certaines applications, nous pouvons offrir aux plombiers la vente de l\u2019unit\u00e9 avec le cabinet en acier et le lavabo en acier inoxydable seulement sans les autres composantes.<br>\nCette option est souvent envisageable pour une installation permanente \u00e0 l\u2019eau courante et int\u00e9ressante pour le client et le plombier, car le plombier ach\u00e8te les composantes dans sa r\u00e9gion et installera les composantes adapt\u00e9es aux besoins du projet et du client.<\/p>\n<p class=\"translation-block\">Pour le raccordement permanent \u00e0 l\u2019eau courante et drain, l\u2019installation doit \u00eatre effectu\u00e9e par un plombier qualifi\u00e9 selon les codes et les exigences des autorit\u00e9s comp\u00e9tentes.<br>\nConsultez votre plombier local pour les exigences et les codes.  Le plombier doit toujours se conformer aux exigences des codes de plomberie, b\u00e2timents et autorit\u00e9s comp\u00e9tentes de sa r\u00e9gion.<br>\nCette option peut annuler la garantie limit\u00e9e offerte en fonction des composantes utilis\u00e9es par le plombier et de l'installation.<\/p>\n<p class=\"translation-block\"><strong>Information compl\u00e9mentaire:<\/strong><br>\nPoids: 80 lbs. (36 kg)<\/p>\n<p class=\"translation-block\"><strong>Dimensions:<\/strong><br>\nHauteur: 56.5\" (1435 mm)<br>\nHauteur comptoir: 34.5\" (876 mm) <br>\nLargeur:  22\" (559 mm)<br>\nProfondeur : 18\" (457 mm)<\/p>\n<p>Couleur: Gris fonc\u00e9 martel\u00e9 pour le cabinet et acier inoxydable pour le dessus<\/p>","protected":false},"excerpt":{"rendered":"<p>Mod\u00e8le PHSS2022 \u2013 Seulement le B\u00e2ti m\u00e9tallique avec l'\u00e9vier en acier inoxydable.\nPour le raccordement permanent \u00e0 l\u2019eau courante et drain.  Les composantes ne sont pas incluses et doivent \u00eatre fournies par le client et le plombier.\nL\u2019installation doit \u00eatre effectu\u00e9e par un plombier qualifi\u00e9 selon les codes et les exigences des autorit\u00e9s comp\u00e9tentes.<\/p>","protected":false},"featured_media":124,"comment_status":"closed","ping_status":"closed","template":"","meta":{"_coblocks_attr":"","_coblocks_dimensions":"","_coblocks_responsive_height":"","_coblocks_accordion_ie_support":""},"etheme_brands":[],"product_brand":[],"product_cat":[17],"product_tag":[],"class_list":{"0":"post-38","1":"product","2":"type-product","3":"status-publish","4":"has-post-thumbnail","6":"product_cat-main-products","8":"first","9":"instock","10":"taxable","11":"shipping-taxable","12":"purchasable","13":"product-type-simple"},"yoast_head":"<!-- This site is optimized with the Yoast SEO plugin v27.4 - https:\/\/yoast.com\/product\/yoast-seo-wordpress\/ -->\n<title>Phoenix Sanitizer\u00a9 Model PHSS2022 \u2013 Cabinet with S\/S sink only - Phoenix<\/title>\n<meta name=\"robots\" content=\"index, follow, max-snippet:-1, max-image-preview:large, max-video-preview:-1\" \/>\n<link rel=\"canonical\" href=\"https:\/\/phoenixportablesink.com\/fr\/produit\/product-seven\/\" \/>\n<meta property=\"og:locale\" content=\"fr_CA\" \/>\n<meta property=\"og:type\" content=\"article\" \/>\n<meta property=\"og:title\" content=\"Phoenix Sanitizer\u00a9 Model PHSS2022 \u2013 Cabinet with S\/S sink only - Phoenix\" \/>\n<meta property=\"og:description\" content=\"Model PHSS2022 \u2013 Cabinet with S\/S sink only. For use on a permanent water and drain installation option. Components need to be supplied by the client or plumber and this product is usually installed by a certified plumber.\" \/>\n<meta property=\"og:url\" content=\"https:\/\/phoenixportablesink.com\/fr\/produit\/product-seven\/\" \/>\n<meta property=\"og:site_name\" content=\"Phoenix\" \/>\n<meta property=\"article:modified_time\" content=\"2023-09-18T20:58:44+00:00\" \/>\n<meta property=\"og:image\" content=\"https:\/\/phoenixportablesink.com\/wp-content\/uploads\/2021\/01\/phss2022_ralik_station_sanitaire_autonome_portable_lavabo_seulement_sink_only_autonomous_portable_sanitary_station_un__phoenix_2022_ph__p.jpg\" \/>\n\t<meta property=\"og:image:width\" content=\"250\" \/>\n\t<meta property=\"og:image:height\" content=\"250\" \/>\n\t<meta property=\"og:image:type\" content=\"image\/jpeg\" \/>\n<meta name=\"twitter:card\" content=\"summary_large_image\" \/>\n<meta name=\"twitter:label1\" content=\"Estimation du temps de lecture\" \/>\n\t<meta name=\"twitter:data1\" content=\"2 minutes\" \/>\n<script type=\"application\/ld+json\" class=\"yoast-schema-graph\">{\"@context\":\"https:\\\/\\\/schema.org\",\"@graph\":[{\"@type\":\"WebPage\",\"@id\":\"https:\\\/\\\/phoenixportablesink.com\\\/product\\\/product-seven\\\/\",\"url\":\"https:\\\/\\\/phoenixportablesink.com\\\/product\\\/product-seven\\\/\",\"name\":\"Phoenix Sanitizer\u00a9 Model PHSS2022 \u2013 Cabinet with S\\\/S sink only - Phoenix\",\"isPartOf\":{\"@id\":\"https:\\\/\\\/phoenixportablesink.com\\\/#website\"},\"primaryImageOfPage\":{\"@id\":\"https:\\\/\\\/phoenixportablesink.com\\\/product\\\/product-seven\\\/#primaryimage\"},\"image\":{\"@id\":\"https:\\\/\\\/phoenixportablesink.com\\\/product\\\/product-seven\\\/#primaryimage\"},\"thumbnailUrl\":\"https:\\\/\\\/phoenixportablesink.com\\\/wp-content\\\/uploads\\\/2021\\\/01\\\/phss2022_ralik_station_sanitaire_autonome_portable_lavabo_seulement_sink_only_autonomous_portable_sanitary_station_un__phoenix_2022_ph__p.jpg\",\"datePublished\":\"2021-01-19T03:30:53+00:00\",\"dateModified\":\"2023-09-18T20:58:44+00:00\",\"breadcrumb\":{\"@id\":\"https:\\\/\\\/phoenixportablesink.com\\\/product\\\/product-seven\\\/#breadcrumb\"},\"inLanguage\":\"fr-CA\",\"potentialAction\":[{\"@type\":\"ReadAction\",\"target\":[\"https:\\\/\\\/phoenixportablesink.com\\\/product\\\/product-seven\\\/\"]}]},{\"@type\":\"ImageObject\",\"inLanguage\":\"fr-CA\",\"@id\":\"https:\\\/\\\/phoenixportablesink.com\\\/product\\\/product-seven\\\/#primaryimage\",\"url\":\"https:\\\/\\\/phoenixportablesink.com\\\/wp-content\\\/uploads\\\/2021\\\/01\\\/phss2022_ralik_station_sanitaire_autonome_portable_lavabo_seulement_sink_only_autonomous_portable_sanitary_station_un__phoenix_2022_ph__p.jpg\",\"contentUrl\":\"https:\\\/\\\/phoenixportablesink.com\\\/wp-content\\\/uploads\\\/2021\\\/01\\\/phss2022_ralik_station_sanitaire_autonome_portable_lavabo_seulement_sink_only_autonomous_portable_sanitary_station_un__phoenix_2022_ph__p.jpg\",\"width\":250,\"height\":250},{\"@type\":\"BreadcrumbList\",\"@id\":\"https:\\\/\\\/phoenixportablesink.com\\\/product\\\/product-seven\\\/#breadcrumb\",\"itemListElement\":[{\"@type\":\"ListItem\",\"position\":1,\"name\":\"Home\",\"item\":\"https:\\\/\\\/phoenixportablesink.com\\\/\"},{\"@type\":\"ListItem\",\"position\":2,\"name\":\"Shop\",\"item\":\"https:\\\/\\\/phoenixportablesink.com\\\/shop\\\/\"},{\"@type\":\"ListItem\",\"position\":3,\"name\":\"Phoenix Sanitizer\u00a9 Model PHSS2022 \u2013 Cabinet with S\\\/S sink only\"}]},{\"@type\":\"WebSite\",\"@id\":\"https:\\\/\\\/phoenixportablesink.com\\\/#website\",\"url\":\"https:\\\/\\\/phoenixportablesink.com\\\/\",\"name\":\"Phoenix\",\"description\":\"Portable sinks\",\"potentialAction\":[{\"@type\":\"SearchAction\",\"target\":{\"@type\":\"EntryPoint\",\"urlTemplate\":\"https:\\\/\\\/phoenixportablesink.com\\\/?s={search_term_string}\"},\"query-input\":{\"@type\":\"PropertyValueSpecification\",\"valueRequired\":true,\"valueName\":\"search_term_string\"}}],\"inLanguage\":\"fr-CA\"}]}<\/script>\n<!-- \/ Yoast SEO plugin. -->","yoast_head_json":{"title":"Phoenix Sanitizer\u00a9 Model PHSS2022 \u2013 Cabinet with S\/S sink only - Phoenix","robots":{"index":"index","follow":"follow","max-snippet":"max-snippet:-1","max-image-preview":"max-image-preview:large","max-video-preview":"max-video-preview:-1"},"canonical":"https:\/\/phoenixportablesink.com\/fr\/produit\/product-seven\/","og_locale":"fr_CA","og_type":"article","og_title":"Phoenix Sanitizer\u00a9 Model PHSS2022 \u2013 Cabinet with S\/S sink only - Phoenix","og_description":"Model PHSS2022 \u2013 Cabinet with S\/S sink only. For use on a permanent water and drain installation option. Components need to be supplied by the client or plumber and this product is usually installed by a certified plumber.","og_url":"https:\/\/phoenixportablesink.com\/fr\/produit\/product-seven\/","og_site_name":"Phoenix","article_modified_time":"2023-09-18T20:58:44+00:00","og_image":[{"width":250,"height":250,"url":"https:\/\/phoenixportablesink.com\/wp-content\/uploads\/2021\/01\/phss2022_ralik_station_sanitaire_autonome_portable_lavabo_seulement_sink_only_autonomous_portable_sanitary_station_un__phoenix_2022_ph__p.jpg","type":"image\/jpeg"}],"twitter_card":"summary_large_image","twitter_misc":{"Estimation du temps de lecture":"2 minutes"},"schema":{"@context":"https:\/\/schema.org","@graph":[{"@type":"WebPage","@id":"https:\/\/phoenixportablesink.com\/product\/product-seven\/","url":"https:\/\/phoenixportablesink.com\/product\/product-seven\/","name":"Phoenix Sanitizer\u00a9 Model PHSS2022 \u2013 Cabinet with S\/S sink only - Phoenix","isPartOf":{"@id":"https:\/\/phoenixportablesink.com\/#website"},"primaryImageOfPage":{"@id":"https:\/\/phoenixportablesink.com\/product\/product-seven\/#primaryimage"},"image":{"@id":"https:\/\/phoenixportablesink.com\/product\/product-seven\/#primaryimage"},"thumbnailUrl":"https:\/\/phoenixportablesink.com\/wp-content\/uploads\/2021\/01\/phss2022_ralik_station_sanitaire_autonome_portable_lavabo_seulement_sink_only_autonomous_portable_sanitary_station_un__phoenix_2022_ph__p.jpg","datePublished":"2021-01-19T03:30:53+00:00","dateModified":"2023-09-18T20:58:44+00:00","breadcrumb":{"@id":"https:\/\/phoenixportablesink.com\/product\/product-seven\/#breadcrumb"},"inLanguage":"fr-CA","potentialAction":[{"@type":"ReadAction","target":["https:\/\/phoenixportablesink.com\/product\/product-seven\/"]}]},{"@type":"ImageObject","inLanguage":"fr-CA","@id":"https:\/\/phoenixportablesink.com\/product\/product-seven\/#primaryimage","url":"https:\/\/phoenixportablesink.com\/wp-content\/uploads\/2021\/01\/phss2022_ralik_station_sanitaire_autonome_portable_lavabo_seulement_sink_only_autonomous_portable_sanitary_station_un__phoenix_2022_ph__p.jpg","contentUrl":"https:\/\/phoenixportablesink.com\/wp-content\/uploads\/2021\/01\/phss2022_ralik_station_sanitaire_autonome_portable_lavabo_seulement_sink_only_autonomous_portable_sanitary_station_un__phoenix_2022_ph__p.jpg","width":250,"height":250},{"@type":"BreadcrumbList","@id":"https:\/\/phoenixportablesink.com\/product\/product-seven\/#breadcrumb","itemListElement":[{"@type":"ListItem","position":1,"name":"Home","item":"https:\/\/phoenixportablesink.com\/"},{"@type":"ListItem","position":2,"name":"Shop","item":"https:\/\/phoenixportablesink.com\/shop\/"},{"@type":"ListItem","position":3,"name":"Phoenix Sanitizer\u00a9 Model PHSS2022 \u2013 Cabinet with S\/S sink only"}]},{"@type":"WebSite","@id":"https:\/\/phoenixportablesink.com\/#website","url":"https:\/\/phoenixportablesink.com\/","name":"Phoenix","description":"Portable sinks","potentialAction":[{"@type":"SearchAction","target":{"@type":"EntryPoint","urlTemplate":"https:\/\/phoenixportablesink.com\/?s={search_term_string}"},"query-input":{"@type":"PropertyValueSpecification","valueRequired":true,"valueName":"search_term_string"}}],"inLanguage":"fr-CA"}]}},"_links":{"self":[{"href":"https:\/\/phoenixportablesink.com\/fr\/wp-json\/wp\/v2\/product\/38","targetHints":{"allow":["GET"]}}],"collection":[{"href":"https:\/\/phoenixportablesink.com\/fr\/wp-json\/wp\/v2\/product"}],"about":[{"href":"https:\/\/phoenixportablesink.com\/fr\/wp-json\/wp\/v2\/types\/product"}],"replies":[{"embeddable":true,"href":"https:\/\/phoenixportablesink.com\/fr\/wp-json\/wp\/v2\/comments?post=38"}],"wp:featuredmedia":[{"embeddable":true,"href":"https:\/\/phoenixportablesink.com\/fr\/wp-json\/wp\/v2\/media\/124"}],"wp:attachment":[{"href":"https:\/\/phoenixportablesink.com\/fr\/wp-json\/wp\/v2\/media?parent=38"}],"wp:term":[{"taxonomy":"brand","embeddable":true,"href":"https:\/\/phoenixportablesink.com\/fr\/wp-json\/wp\/v2\/etheme_brands?post=38"},{"taxonomy":"product_brand","embeddable":true,"href":"https:\/\/phoenixportablesink.com\/fr\/wp-json\/wp\/v2\/product_brand?post=38"},{"taxonomy":"product_cat","embeddable":true,"href":"https:\/\/phoenixportablesink.com\/fr\/wp-json\/wp\/v2\/product_cat?post=38"},{"taxonomy":"product_tag","embeddable":true,"href":"https:\/\/phoenixportablesink.com\/fr\/wp-json\/wp\/v2\/product_tag?post=38"}],"curies":[{"name":"wp","href":"https:\/\/api.w.org\/{rel}","templated":true}]}}